{"id":1264,"date":"2026-03-30T19:50:17","date_gmt":"2026-03-30T17:50:17","guid":{"rendered":"https:\/\/www.sskzvoleneves.cz\/?page_id=1264"},"modified":"2026-04-23T12:25:22","modified_gmt":"2026-04-23T10:25:22","slug":"zkousky-odborne-zpusobilosti","status":"publish","type":"page","link":"https:\/\/www.sskzvoleneves.cz\/?page_id=1264","title":{"rendered":"Zkou\u0161ky odborn\u00e9 zp\u016fsobilosti"},"content":{"rendered":"\n<h2 class=\"wp-block-heading\">Term\u00edn zkou\u0161ek je 10.6.2026.<\/h2>\n\n\n\n<figure class=\"wp-block-image size-full\"><a href=\"https:\/\/www.sskzvoleneves.cz\/wp-content\/uploads\/2026\/03\/image-4.png\"><img loading=\"lazy\" decoding=\"async\" width=\"750\" height=\"720\" src=\"https:\/\/www.sskzvoleneves.cz\/wp-content\/uploads\/2026\/03\/image-4.png\" alt=\"\" class=\"wp-image-1278\" srcset=\"https:\/\/www.sskzvoleneves.cz\/wp-content\/uploads\/2026\/03\/image-4.png 750w, https:\/\/www.sskzvoleneves.cz\/wp-content\/uploads\/2026\/03\/image-4-300x288.png 300w\" sizes=\"auto, (max-width: 750px) 100vw, 750px\" \/><\/a><figcaption class=\"wp-element-caption\">Z\u00e1klad pro obr\u00e1zky p\u0159evzat ze str\u00e1nek&nbsp;<a href=\"http:\/\/www.czub.cz\/?lang=cz\" target=\"_blank\" rel=\"noreferrer noopener\">\u010cesk\u00e9 zbrojovky<\/a>.<\/figcaption><\/figure>\n","protected":false},"excerpt":{"rendered":"<p>Term\u00edn zkou\u0161ek je 10.6.2026.<\/p>\n","protected":false},"author":2,"featured_media":0,"parent":0,"menu_order":0,"comment_status":"closed","ping_status":"closed","template":"","meta":{"footnotes":""},"class_list":["post-1264","page","type-page","status-publish","hentry"],"_links":{"self":[{"href":"https:\/\/www.sskzvoleneves.cz\/index.php?rest_route=\/wp\/v2\/pages\/1264","targetHints":{"allow":["GET"]}}],"collection":[{"href":"https:\/\/www.sskzvoleneves.cz\/index.php?rest_route=\/wp\/v2\/pages"}],"about":[{"href":"https:\/\/www.sskzvoleneves.cz\/index.php?rest_route=\/wp\/v2\/types\/page"}],"author":[{"embeddable":true,"href":"https:\/\/www.sskzvoleneves.cz\/index.php?rest_route=\/wp\/v2\/users\/2"}],"replies":[{"embeddable":true,"href":"https:\/\/www.sskzvoleneves.cz\/index.php?rest_route=%2Fwp%2Fv2%2Fcomments&post=1264"}],"version-history":[{"count":8,"href":"https:\/\/www.sskzvoleneves.cz\/index.php?rest_route=\/wp\/v2\/pages\/1264\/revisions"}],"predecessor-version":[{"id":1298,"href":"https:\/\/www.sskzvoleneves.cz\/index.php?rest_route=\/wp\/v2\/pages\/1264\/revisions\/1298"}],"wp:attachment":[{"href":"https:\/\/www.sskzvoleneves.cz\/index.php?rest_route=%2Fwp%2Fv2%2Fmedia&parent=1264"}],"curies":[{"name":"wp","href":"https:\/\/api.w.org\/{rel}","templated":true}]}}